{"id":5647,"date":"2024-03-17T20:09:15","date_gmt":"2024-03-17T23:09:15","guid":{"rendered":"https:\/\/palmerasdeleste.com\/wp\/?page_id=5647"},"modified":"2024-07-22T17:55:10","modified_gmt":"2024-07-22T20:55:10","slug":"plantacion","status":"publish","type":"page","link":"https:\/\/palmerasdeleste.com\/wp\/plantacion\/","title":{"rendered":"Plantaci\u00f3n"},"content":{"rendered":"\t\t<div data-elementor-type=\"wp-page\" data-elementor-id=\"5647\" class=\"elementor elementor-5647\" data-elementor-post-type=\"page\">\n\t\t\t\t<div class=\"elementor-element elementor-element-664bd7d e-flex e-con-boxed e-con e-parent\" data-id=\"664bd7d\" data-element_type=\"container\" data-settings=\"{&quot;background_background&quot;:&quot;classic&quot;}\">\n\t\t\t\t\t<div class=\"e-con-inner\">\n\t\t<div class=\"elementor-element elementor-element-43bd8ecf e-con-full e-flex e-con e-child\" data-id=\"43bd8ecf\" data-element_type=\"container\">\n\t\t\t\t<div class=\"elementor-element elementor-element-4d1fa9b3 elementor-widget__width-inherit e-transform elementor-invisible elementor-widget elementor-widget-heading\" data-id=\"4d1fa9b3\" data-element_type=\"widget\" data-settings=\"{&quot;_animation&quot;:&quot;bounce&quot;,&quot;_animation_delay&quot;:0,&quot;_transform_skewX_effect_hover&quot;:{&quot;unit&quot;:&quot;px&quot;,&quot;size&quot;:6,&quot;sizes&quot;:[]},&quot;_animation_mobile&quot;:&quot;none&quot;,&quot;_transform_skewX_effect_hover_tablet&quot;:{&quot;unit&quot;:&quot;deg&quot;,&quot;size&quot;:&quot;&quot;,&quot;sizes&quot;:[]},&quot;_transform_skewX_effect_hover_mobile&quot;:{&quot;unit&quot;:&quot;deg&quot;,&quot;size&quot;:&quot;&quot;,&quot;sizes&quot;:[]},&quot;_transform_skewY_effect_hover&quot;:{&quot;unit&quot;:&quot;px&quot;,&quot;size&quot;:&quot;&quot;,&quot;sizes&quot;:[]},&quot;_transform_skewY_effect_hover_tablet&quot;:{&quot;unit&quot;:&quot;deg&quot;,&quot;size&quot;:&quot;&quot;,&quot;sizes&quot;:[]},&quot;_transform_skewY_effect_hover_mobile&quot;:{&quot;unit&quot;:&quot;deg&quot;,&quot;size&quot;:&quot;&quot;,&quot;sizes&quot;:[]}}\" data-widget_type=\"heading.default\">\n\t\t\t\t<div class=\"elementor-widget-container\">\n\t\t\t\t\t<h1 class=\"elementor-heading-title elementor-size-default\"><a href=\"#plantacion\">Plantaci\u00f3n<\/a><\/h1>\t\t\t\t<\/div>\n\t\t\t\t<\/div>\n\t\t\t\t<\/div>\n\t\t\t\t\t<\/div>\n\t\t\t\t<\/div>\n\t\t<div class=\"elementor-element elementor-element-238cde8e e-flex e-con-boxed e-con e-parent\" data-id=\"238cde8e\" data-element_type=\"container\">\n\t\t\t\t\t<div class=\"e-con-inner\">\n\t\t<div class=\"elementor-element elementor-element-29dd27bd e-flex e-con-boxed e-con e-child\" data-id=\"29dd27bd\" data-element_type=\"container\">\n\t\t\t\t\t<div class=\"e-con-inner\">\n\t\t\t\t<div class=\"elementor-element elementor-element-3e4f5968 elementor-widget elementor-widget-menu-anchor\" data-id=\"3e4f5968\" data-element_type=\"widget\" data-widget_type=\"menu-anchor.default\">\n\t\t\t\t<div class=\"elementor-widget-container\">\n\t\t\t\t\t\t\t<div class=\"elementor-menu-anchor\" id=\"plantacion\"><\/div>\n\t\t\t\t\t\t<\/div>\n\t\t\t\t<\/div>\n\t\t\t\t\t<\/div>\n\t\t\t\t<\/div>\n\t\t\t\t\t<\/div>\n\t\t\t\t<\/div>\n\t\t<div class=\"elementor-element elementor-element-1fdc5f42 e-flex e-con-boxed e-con e-parent\" data-id=\"1fdc5f42\" data-element_type=\"container\">\n\t\t\t\t\t<div class=\"e-con-inner\">\n\t\t\t\t<div class=\"elementor-element elementor-element-69e3bd59 elementor-widget__width-initial elementor-widget-divider--view-line elementor-widget elementor-widget-divider\" data-id=\"69e3bd59\" data-element_type=\"widget\" data-widget_type=\"divider.default\">\n\t\t\t\t<div class=\"elementor-widget-container\">\n\t\t\t\t\t\t\t<div class=\"elementor-divider\">\n\t\t\t<span class=\"elementor-divider-separator\">\n\t\t\t\t\t\t<\/span>\n\t\t<\/div>\n\t\t\t\t\t\t<\/div>\n\t\t\t\t<\/div>\n\t\t\t\t\t<\/div>\n\t\t\t\t<\/div>\n\t\t<div class=\"elementor-element elementor-element-1cbcacfb e-flex e-con-boxed e-con e-parent\" data-id=\"1cbcacfb\" data-element_type=\"container\">\n\t\t\t\t\t<div class=\"e-con-inner\">\n\t\t<div class=\"elementor-element elementor-element-7cb6f6b8 e-flex e-con-boxed e-con e-child\" data-id=\"7cb6f6b8\" data-element_type=\"container\">\n\t\t\t\t\t<div class=\"e-con-inner\">\n\t\t\t\t\t<\/div>\n\t\t\t\t<\/div>\n\t\t\t\t\t<\/div>\n\t\t\t\t<\/div>\n\t\t<div class=\"elementor-element elementor-element-337910be e-flex e-con-boxed e-con e-parent\" data-id=\"337910be\" data-element_type=\"container\">\n\t\t\t\t\t<div class=\"e-con-inner\">\n\t\t\t\t<div class=\"elementor-element elementor-element-4564ab00 elementor-widget elementor-widget-heading\" data-id=\"4564ab00\" data-element_type=\"widget\" id=\"Plantaci\u00f3n\" data-widget_type=\"heading.default\">\n\t\t\t\t<div class=\"elementor-widget-container\">\n\t\t\t\t\t<h2 class=\"elementor-heading-title elementor-size-default\">Plantaci\u00f3n<\/h2>\t\t\t\t<\/div>\n\t\t\t\t<\/div>\n\t\t\t\t\t<\/div>\n\t\t\t\t<\/div>\n\t\t<div class=\"elementor-element elementor-element-5b45ffad e-flex e-con-boxed e-con e-parent\" data-id=\"5b45ffad\" data-element_type=\"container\">\n\t\t\t\t\t<div class=\"e-con-inner\">\n\t\t\t\t\t<\/div>\n\t\t\t\t<\/div>\n\t\t<div class=\"elementor-element elementor-element-72c7693d e-flex e-con-boxed e-con e-parent\" data-id=\"72c7693d\" data-element_type=\"container\">\n\t\t\t\t\t<div class=\"e-con-inner\">\n\t\t\t\t<div class=\"elementor-element elementor-element-3e24f5cc elementor-widget elementor-widget-text-editor\" data-id=\"3e24f5cc\" data-element_type=\"widget\" data-widget_type=\"text-editor.default\">\n\t\t\t\t<div class=\"elementor-widget-container\">\n\t\t\t\t\t\t\t\t\t<p>El m\u00e9todo que recomendamos para la plantaci\u00f3n de las palmeras depende del tipo de suelo. <b>El punto mas importante a considerar es el drenaje<\/b>. Son muy pocas las especies que pueden sobrevivir en situaciones de anegamiento. Las ra\u00edces precisan ox\u00edgeno para vivir.<br \/>Para determinar la calidad de drenaje basta con cavar un hoyo y verter el contenido de un balde de agua en el mismo. Si demora m\u00e1s de dos horas en drenar se trata de un suelo con problemas de permeabilidad.<\/p><p>M\u00e1s abajo, con las ilustraciones, detallamos nuestras recomendaciones para dos casos extremos que se presentan en el departamento de Maldonado (suelo arenoso y arcilloso).<\/p><p><u>Profundidad:<\/u> Respetar el nivel del envase. Nunca plantar m\u00e1s abajo de la zona de iniciaci\u00f3n radicular puede provocar la muerte de la planta.<br \/><u>Orientaci\u00f3n:<\/u> Mantener la orientaci\u00f3n original de la palmera.<br \/><u>Soporte:<\/u> Las palmeras m\u00e1s grandes o en situaciones de alta exposici\u00f3n requieren de tutores que les dar\u00e1n soporte mec\u00e1nico.<\/p>\t\t\t\t\t\t\t\t<\/div>\n\t\t\t\t<\/div>\n\t\t\t\t\t<\/div>\n\t\t\t\t<\/div>\n\t\t<div class=\"elementor-element elementor-element-5f4d4167 e-flex e-con-boxed e-con e-parent\" data-id=\"5f4d4167\" data-element_type=\"container\">\n\t\t\t\t\t<div class=\"e-con-inner\">\n\t\t\t\t<div class=\"elementor-element elementor-element-18b8d7b1 elementor-widget__width-initial elementor-widget-divider--view-line elementor-widget elementor-widget-divider\" data-id=\"18b8d7b1\" data-element_type=\"widget\" data-widget_type=\"divider.default\">\n\t\t\t\t<div class=\"elementor-widget-container\">\n\t\t\t\t\t\t\t<div class=\"elementor-divider\">\n\t\t\t<span class=\"elementor-divider-separator\">\n\t\t\t\t\t\t<\/span>\n\t\t<\/div>\n\t\t\t\t\t\t<\/div>\n\t\t\t\t<\/div>\n\t\t\t\t\t<\/div>\n\t\t\t\t<\/div>\n\t\t<div class=\"elementor-element elementor-element-6c70a699 e-flex e-con-boxed e-con e-parent\" data-id=\"6c70a699\" data-element_type=\"container\">\n\t\t\t\t\t<div class=\"e-con-inner\">\n\t\t<div class=\"elementor-element elementor-element-6339b643 e-con-full e-flex e-con e-child\" data-id=\"6339b643\" data-element_type=\"container\">\n\t\t\t\t<div class=\"elementor-element elementor-element-48209d94 elementor-widget elementor-widget-heading\" data-id=\"48209d94\" data-element_type=\"widget\" data-widget_type=\"heading.default\">\n\t\t\t\t<div class=\"elementor-widget-container\">\n\t\t\t\t\t<h4 class=\"elementor-heading-title elementor-size-default\">Suelo arcilloso o con problemas de drenaje<\/h4>\t\t\t\t<\/div>\n\t\t\t\t<\/div>\n\t\t\t\t<div class=\"elementor-element elementor-element-36bfa69 elementor-widget elementor-widget-text-editor\" data-id=\"36bfa69\" data-element_type=\"widget\" data-widget_type=\"text-editor.default\">\n\t\t\t\t<div class=\"elementor-widget-container\">\n\t\t\t\t\t\t\t\t\t<p><img fetchpriority=\"high\" decoding=\"async\" class=\"alignleft wp-image-2492 size-full\" src=\"https:\/\/palmerasdeleste.com\/wp\/wp-content\/uploads\/2024\/02\/palmplantarcilla450-x-600.jpg\" alt=\"\" width=\"450\" height=\"625\" title=\"\" srcset=\"https:\/\/palmerasdeleste.com\/wp\/wp-content\/uploads\/2024\/02\/palmplantarcilla450-x-600.jpg 450w, https:\/\/palmerasdeleste.com\/wp\/wp-content\/uploads\/2024\/02\/palmplantarcilla450-x-600-216x300.jpg 216w\" sizes=\"(max-width: 450px) 100vw, 450px\" \/><\/p><p>En primer lugar, nunca plantar en una zona baja que junte agua.<\/p><p>La estrategia de plantaci\u00f3n es elevar la planta formando un mont\u00edculo. El 80% de las ra\u00edces se encuentran dentro de los primeros 20 a 30 cm de suelo, all\u00ed est\u00e1n los nutrientes.<\/p><p>En la figura, se nota que el nivel superior del terr\u00f3n \/ cepell\u00f3n est\u00e1 ubicado a unos 15 a 20 cm por arriba del nivel del suelo, que podr\u00eda estar m\u00e1s alto de ser necesario.<\/p><p><span style=\"text-decoration: underline;\">Es importante compactar bien la tierra en el hoyo para que no queden poros con aire.<\/span><\/p><p>Distribuir\u00a0una\u00a0capa\u00a0de \u00abmulch\u00bb de materia org\u00e1nica de unos 5 a 10 cm de espesor. Tiene varias funciones:<br \/>1. Aporta nutrientes y micro-nutrientes.<br \/>2. Mantiene la humedad.<br \/>3. Regula la temperatura del suelo.<br \/>4. Controla las malezas.<br \/>5. Evite emplear la bordeadora ya que \u00e9sta puede da\u00f1ar el tronco y las palmeras no tienen corteza protectora ni capacidad de cicatrizaci\u00f3n.<br \/>Es importante mantener alejado el \u00abmulch\u00bb del tronco, un m\u00ednimo de 5 cm. Lo recomendamos para evitar la generaci\u00f3n de un ambiente propicio que facilite una infecci\u00f3n de hongos en la palmera.<\/p><p>El \u00faltimo paso es un riego bien profundo. Repetir en funci\u00f3n de las lluvias y de la permeabilidad del suelo arcilloso durante el primer a\u00f1o y hasta que se establezca firmemente la planta.<\/p><p>No observar\u00e1 mucho desarrollo hasta que las ra\u00edces penetren en el suelo nativo.<\/p>\t\t\t\t\t\t\t\t<\/div>\n\t\t\t\t<\/div>\n\t\t\t\t<\/div>\n\t\t\t\t\t<\/div>\n\t\t\t\t<\/div>\n\t\t<div class=\"elementor-element elementor-element-3771abf3 e-flex e-con-boxed e-con e-parent\" data-id=\"3771abf3\" data-element_type=\"container\">\n\t\t\t\t\t<div class=\"e-con-inner\">\n\t\t\t\t<div class=\"elementor-element elementor-element-300a4343 elementor-widget__width-initial elementor-widget-divider--view-line elementor-widget elementor-widget-divider\" data-id=\"300a4343\" data-element_type=\"widget\" data-widget_type=\"divider.default\">\n\t\t\t\t<div class=\"elementor-widget-container\">\n\t\t\t\t\t\t\t<div class=\"elementor-divider\">\n\t\t\t<span class=\"elementor-divider-separator\">\n\t\t\t\t\t\t<\/span>\n\t\t<\/div>\n\t\t\t\t\t\t<\/div>\n\t\t\t\t<\/div>\n\t\t\t\t\t<\/div>\n\t\t\t\t<\/div>\n\t\t<div class=\"elementor-element elementor-element-77504d63 e-flex e-con-boxed e-con e-parent\" data-id=\"77504d63\" data-element_type=\"container\">\n\t\t\t\t\t<div class=\"e-con-inner\">\n\t\t<div class=\"elementor-element elementor-element-7eefc6ed e-con-full e-flex e-con e-child\" data-id=\"7eefc6ed\" data-element_type=\"container\">\n\t\t\t\t<div class=\"elementor-element elementor-element-3d0db7b1 elementor-widget elementor-widget-heading\" data-id=\"3d0db7b1\" data-element_type=\"widget\" data-widget_type=\"heading.default\">\n\t\t\t\t<div class=\"elementor-widget-container\">\n\t\t\t\t\t<h4 class=\"elementor-heading-title elementor-size-default\">Suelo arenoso o con libre drenaje<\/h4>\t\t\t\t<\/div>\n\t\t\t\t<\/div>\n\t\t\t\t<div class=\"elementor-element elementor-element-6fd324a8 elementor-widget elementor-widget-text-editor\" data-id=\"6fd324a8\" data-element_type=\"widget\" data-widget_type=\"text-editor.default\">\n\t\t\t\t<div class=\"elementor-widget-container\">\n\t\t\t\t\t\t\t\t\t<p><img decoding=\"async\" class=\"alignleft wp-image-2493 size-full\" src=\"https:\/\/palmerasdeleste.com\/wp\/wp-content\/uploads\/2024\/02\/palmeraplantarena1-450-x-600.jpg\" alt=\"\" width=\"450\" height=\"596\" title=\"\" srcset=\"https:\/\/palmerasdeleste.com\/wp\/wp-content\/uploads\/2024\/02\/palmeraplantarena1-450-x-600.jpg 450w, https:\/\/palmerasdeleste.com\/wp\/wp-content\/uploads\/2024\/02\/palmeraplantarena1-450-x-600-227x300.jpg 227w\" sizes=\"(max-width: 450px) 100vw, 450px\" \/><\/p><p>\u00c9ste suelo tiene la caracter\u00edstica de drenar muy r\u00e1pidamente. En ese caso la estrategia es retener la humedad y los nutrientes cerca de la zona radicular de la palmera.<\/p><p>El primer paso es hacer un hoyo mas profundo que la altura del terr\u00f3n, aproximadamente de 20 a 30 cm.<\/p><p>Colocar una capa de suelo vegetal y apisonar bien para que luego la palmera no se hunda. Despu\u00e9s colocar el terr\u00f3n sobre este relleno f\u00e9rtil compactado.<\/p><p>El mulch debe ser distribuido por la superficie igual que en el caso anterior.<\/p><p>En este caso, se requiere de un mayor riego al inicio, ya que la arena no retiene practicamente la humedad. Una vez establecida la planta, generalmente obtiene buenos niveles de agua de la profundidad.<\/p><p>En este tipo de plantaciones, el manejo nutricional es m\u00e1s importante.<\/p>\t\t\t\t\t\t\t\t<\/div>\n\t\t\t\t<\/div>\n\t\t\t\t<\/div>\n\t\t\t\t\t<\/div>\n\t\t\t\t<\/div>\n\t\t<div class=\"elementor-element elementor-element-5544b0c3 e-flex e-con-boxed e-con e-parent\" data-id=\"5544b0c3\" data-element_type=\"container\">\n\t\t\t\t\t<div class=\"e-con-inner\">\n\t\t\t\t<div class=\"elementor-element elementor-element-7c2e2f6d elementor-widget__width-initial elementor-widget-divider--view-line elementor-widget elementor-widget-divider\" data-id=\"7c2e2f6d\" data-element_type=\"widget\" data-widget_type=\"divider.default\">\n\t\t\t\t<div class=\"elementor-widget-container\">\n\t\t\t\t\t\t\t<div class=\"elementor-divider\">\n\t\t\t<span class=\"elementor-divider-separator\">\n\t\t\t\t\t\t<\/span>\n\t\t<\/div>\n\t\t\t\t\t\t<\/div>\n\t\t\t\t<\/div>\n\t\t\t\t\t<\/div>\n\t\t\t\t<\/div>\n\t\t\t\t<\/div>\n\t\t","protected":false},"excerpt":{"rendered":"<p>Plantaci\u00f3n Plantaci\u00f3n El m\u00e9todo que recomendamos para la plantaci\u00f3n de las palmeras depende del tipo de suelo. El punto mas importante a considerar es el drenaje. Son muy pocas las especies que pueden sobrevivir en situaciones de anegamiento. Las ra\u00edces precisan ox\u00edgeno para vivir.Para determinar la calidad de drenaje basta con cavar un hoyo y [&hellip;]<\/p>\n","protected":false},"author":1,"featured_media":0,"parent":0,"menu_order":0,"comment_status":"closed","ping_status":"closed","template":"","meta":{"site-sidebar-layout":"no-sidebar","site-content-layout":"page-builder","ast-site-content-layout":"full-width-container","site-content-style":"default","site-sidebar-style":"default","ast-global-header-display":"","ast-banner-title-visibility":"","ast-main-header-display":"","ast-hfb-above-header-display":"","ast-hfb-below-header-display":"","ast-hfb-mobile-header-display":"","site-post-title":"disabled","ast-breadcrumbs-content":"","ast-featured-img":"disabled","footer-sml-layout":"","theme-transparent-header-meta":"","adv-header-id-meta":"","stick-header-meta":"","header-above-stick-meta":"","header-main-stick-meta":"","header-below-stick-meta":"","astra-migrate-meta-layouts":"set","ast-page-background-enabled":"default","ast-page-background-meta":{"desktop":{"background-color":"var(--ast-global-color-4)","background-image":"","background-repeat":"repeat","background-position":"center center","background-size":"auto","background-attachment":"scroll","background-type":"","background-media":"","overlay-type":"","overlay-color":"","overlay-opacity":"","overlay-gradient":""},"tablet":{"background-color":"","background-image":"","background-repeat":"repeat","background-position":"center center","background-size":"auto","background-attachment":"scroll","background-type":"","background-media":"","overlay-type":"","overlay-color":"","overlay-opacity":"","overlay-gradient":""},"mobile":{"background-color":"","background-image":"","background-repeat":"repeat","background-position":"center center","background-size":"auto","background-attachment":"scroll","background-type":"","background-media":"","overlay-type":"","overlay-color":"","overlay-opacity":"","overlay-gradient":""}},"ast-content-background-meta":{"desktop":{"background-color":"var(--ast-global-color-5)","background-image":"","background-repeat":"repeat","background-position":"center center","background-size":"auto","background-attachment":"scroll","background-type":"","background-media":"","overlay-type":"","overlay-color":"","overlay-opacity":"","overlay-gradient":""},"tablet":{"background-color":"var(--ast-global-color-5)","background-image":"","background-repeat":"repeat","background-position":"center center","background-size":"auto","background-attachment":"scroll","background-type":"","background-media":"","overlay-type":"","overlay-color":"","overlay-opacity":"","overlay-gradient":""},"mobile":{"background-color":"var(--ast-global-color-5)","background-image":"","background-repeat":"repeat","background-position":"center center","background-size":"auto","background-attachment":"scroll","background-type":"","background-media":"","overlay-type":"","overlay-color":"","overlay-opacity":"","overlay-gradient":""}},"footnotes":""},"class_list":["post-5647","page","type-page","status-publish","hentry"],"_links":{"self":[{"href":"https:\/\/palmerasdeleste.com\/wp\/wp-json\/wp\/v2\/pages\/5647","targetHints":{"allow":["GET"]}}],"collection":[{"href":"https:\/\/palmerasdeleste.com\/wp\/wp-json\/wp\/v2\/pages"}],"about":[{"href":"https:\/\/palmerasdeleste.com\/wp\/wp-json\/wp\/v2\/types\/page"}],"author":[{"embeddable":true,"href":"https:\/\/palmerasdeleste.com\/wp\/wp-json\/wp\/v2\/users\/1"}],"replies":[{"embeddable":true,"href":"https:\/\/palmerasdeleste.com\/wp\/wp-json\/wp\/v2\/comments?post=5647"}],"version-history":[{"count":0,"href":"https:\/\/palmerasdeleste.com\/wp\/wp-json\/wp\/v2\/pages\/5647\/revisions"}],"wp:attachment":[{"href":"https:\/\/palmerasdeleste.com\/wp\/wp-json\/wp\/v2\/media?parent=5647"}],"curies":[{"name":"wp","href":"https:\/\/api.w.org\/{rel}","templated":true}]}}